  {"id":7664,"date":"2024-05-10T13:19:54","date_gmt":"2024-05-10T11:19:54","guid":{"rendered":"https:\/\/inpr.uni.opole.pl\/structure\/"},"modified":"2025-02-12T11:53:27","modified_gmt":"2025-02-12T10:53:27","slug":"structure","status":"publish","type":"page","link":"https:\/\/inpr.uni.opole.pl\/en\/structure\/","title":{"rendered":"Structure"},"content":{"rendered":"\t\t<div data-elementor-type=\"wp-page\" data-elementor-id=\"7664\" class=\"elementor elementor-7664 elementor-4314\" data-elementor-post-type=\"page\">\n\t\t\t\t<div class=\"elementor-element elementor-element-6bfd38b0 e-flex e-con-boxed e-con e-parent\" data-id=\"6bfd38b0\" data-element_type=\"container\" data-e-type=\"container\" data-settings=\"{&quot;jet_parallax_layout_list&quot;:[]}\">\n\t\t\t\t\t<div class=\"e-con-inner\">\n\t\t\t\t<div class=\"elementor-element elementor-element-42a2a16a elementor-widget elementor-widget-heading\" data-id=\"42a2a16a\" data-element_type=\"widget\" data-e-type=\"widget\" data-widget_type=\"heading.default\">\n\t\t\t\t<div class=\"elementor-widget-container\">\n\t\t\t\t\t<h1 class=\"elementor-heading-title elementor-size-default\">Structure<\/h1>\t\t\t\t<\/div>\n\t\t\t\t<\/div>\n\t\t\t\t\t<\/div>\n\t\t\t\t<\/div>\n\t\t<div class=\"elementor-element elementor-element-3578071a e-flex e-con-boxed e-con e-parent\" data-id=\"3578071a\" data-element_type=\"container\" data-e-type=\"container\" data-settings=\"{&quot;jet_parallax_layout_list&quot;:[]}\">\n\t\t\t\t\t<div class=\"e-con-inner\">\n\t\t\t\t<div class=\"elementor-element elementor-element-8c9f6f9 elementor-widget elementor-widget-heading\" data-id=\"8c9f6f9\" data-element_type=\"widget\" data-e-type=\"widget\" data-widget_type=\"heading.default\">\n\t\t\t\t<div class=\"elementor-widget-container\">\n\t\t\t\t\t<p class=\"elementor-heading-title elementor-size-default\">Departments<\/p>\t\t\t\t<\/div>\n\t\t\t\t<\/div>\n\t\t\t\t\t<\/div>\n\t\t\t\t<\/div>\n\t\t<div class=\"elementor-element elementor-element-76e54519 e-flex e-con-boxed e-con e-parent\" data-id=\"76e54519\" data-element_type=\"container\" data-e-type=\"container\" data-settings=\"{&quot;jet_parallax_layout_list&quot;:[]}\">\n\t\t\t\t\t<div class=\"e-con-inner\">\n\t\t<div class=\"elementor-element elementor-element-44dec7e7 e-flex e-con-boxed e-con e-child\" data-id=\"44dec7e7\" data-element_type=\"container\" data-e-type=\"container\" data-settings=\"{&quot;jet_parallax_layout_list&quot;:[]}\">\n\t\t\t\t\t<div class=\"e-con-inner\">\n\t\t\t\t<div class=\"elementor-element elementor-element-7793a2cf elementor-widget elementor-widget-accordion\" data-id=\"7793a2cf\" data-element_type=\"widget\" data-e-type=\"widget\" data-widget_type=\"accordion.default\">\n\t\t\t\t<div class=\"elementor-widget-container\">\n\t\t\t\t\t\t\t<div class=\"elementor-accordion\">\n\t\t\t\t\t\t\t<div class=\"elementor-accordion-item\">\n\t\t\t\t\t<div id=\"elementor-tab-title-2001\" class=\"elementor-tab-title\" data-tab=\"1\" role=\"button\" aria-controls=\"elementor-tab-content-2001\" aria-expanded=\"false\">\n\t\t\t\t\t\t\t\t\t\t\t\t\t<span class=\"elementor-accordion-icon elementor-accordion-icon-left\" aria-hidden=\"true\">\n\t\t\t\t\t\t\t\t\t\t\t\t\t\t\t<span class=\"elementor-accordion-icon-closed\"><i class=\"fas fa-caret-down\"><\/i><\/span>\n\t\t\t\t\t\t\t\t<span class=\"elementor-accordion-icon-opened\"><i class=\"fas fa-caret-up\"><\/i><\/span>\n\t\t\t\t\t\t\t\t\t\t\t\t\t\t<\/span>\n\t\t\t\t\t\t\t\t\t\t\t\t<a class=\"elementor-accordion-title\" tabindex=\"0\">element-0<\/a>\n\t\t\t\t\t<\/div>\n\t\t\t\t\t<div id=\"elementor-tab-content-2001\" class=\"elementor-tab-content elementor-clearfix\" data-tab=\"1\" role=\"region\" aria-labelledby=\"elementor-tab-title-2001\"><\/div>\n\t\t\t\t<\/div>\n\t\t\t\t\t\t\t<div class=\"elementor-accordion-item\">\n\t\t\t\t\t<div id=\"elementor-tab-title-2002\" class=\"elementor-tab-title\" data-tab=\"2\" role=\"button\" aria-controls=\"elementor-tab-content-2002\" aria-expanded=\"false\">\n\t\t\t\t\t\t\t\t\t\t\t\t\t<span class=\"elementor-accordion-icon elementor-accordion-icon-left\" aria-hidden=\"true\">\n\t\t\t\t\t\t\t\t\t\t\t\t\t\t\t<span class=\"elementor-accordion-icon-closed\"><i class=\"fas fa-caret-down\"><\/i><\/span>\n\t\t\t\t\t\t\t\t<span class=\"elementor-accordion-icon-opened\"><i class=\"fas fa-caret-up\"><\/i><\/span>\n\t\t\t\t\t\t\t\t\t\t\t\t\t\t<\/span>\n\t\t\t\t\t\t\t\t\t\t\t\t<a class=\"elementor-accordion-title\" tabindex=\"0\">Department of State and Law Sciences<\/a>\n\t\t\t\t\t<\/div>\n\t\t\t\t\t<div id=\"elementor-tab-content-2002\" class=\"elementor-tab-content elementor-clearfix\" data-tab=\"2\" role=\"region\" aria-labelledby=\"elementor-tab-title-2002\"><p><strong>Head of the Department: <\/strong><span class=\"normaltextrun\">dr hab. Anna Frankiewicz-Bodynek <\/span><span class=\"eop\">,  <span class=\"normaltextrun\">prof. UO  <\/span><\/span><br \/><b>Professor: <\/b>dr hab. Ewa Kozerska, prof. UO  <br \/><b>Adjunct: <\/b>dr Hanna Duszka-Jakimko<br \/><b>Adjunct: <\/b>dr Jacek Srokosz<\/p>\n<p>The goal of the department is to constantly improve the scientific level of its staff in the fields of political and legal doctrines, jurisprudence, philosophy of state and law, constitutional law and human rights. To this end, the department&#8217;s employees undertake organizational activities, for example, by organizing international conferences, concluding cooperation agreements with relevant institutions and organizations. At the same time, the task of the employees is to conduct scientific and research activities and publish their results in the form of monographs and articles in scientific journals. Knowledge and experience gained in the above-mentioned ways are passed on to students as part of the teaching activities conducted in undergraduate, master&#8217;s, doctoral and postgraduate programs.   <\/p>\n<\/div>\n\t\t\t\t<\/div>\n\t\t\t\t\t\t\t<div class=\"elementor-accordion-item\">\n\t\t\t\t\t<div id=\"elementor-tab-title-2003\" class=\"elementor-tab-title\" data-tab=\"3\" role=\"button\" aria-controls=\"elementor-tab-content-2003\" aria-expanded=\"false\">\n\t\t\t\t\t\t\t\t\t\t\t\t\t<span class=\"elementor-accordion-icon elementor-accordion-icon-left\" aria-hidden=\"true\">\n\t\t\t\t\t\t\t\t\t\t\t\t\t\t\t<span class=\"elementor-accordion-icon-closed\"><i class=\"fas fa-caret-down\"><\/i><\/span>\n\t\t\t\t\t\t\t\t<span class=\"elementor-accordion-icon-opened\"><i class=\"fas fa-caret-up\"><\/i><\/span>\n\t\t\t\t\t\t\t\t\t\t\t\t\t\t<\/span>\n\t\t\t\t\t\t\t\t\t\t\t\t<a class=\"elementor-accordion-title\" tabindex=\"0\">Department of the History of Law and Religious Law <\/a>\n\t\t\t\t\t<\/div>\n\t\t\t\t\t<div id=\"elementor-tab-content-2003\" class=\"elementor-tab-content elementor-clearfix\" data-tab=\"3\" role=\"region\" aria-labelledby=\"elementor-tab-title-2003\"><p><strong>Head of the Department::<\/strong> dr hab. Piotr Sadowski, prof. UO<br \/>dr hab. Andrzej Szyma\u0144ski, prof. UO<br \/>dr hab. Dariusz Walencik, prof. UO<br \/>dr Katarzyna Pluta      <\/p>\n<p>The research scope of the Department includes Roman law, history of state and law, and religious law. In addition to its scientific activities, it also carries out organisational tasks (in particular, it organises a cyclical scientific event, the Law and History Colloquium, and the Religious Law Olympiad), as well as didactic tasks (it conducts classes in subjects relevant to the team; it provides scientific supervision to students and doctoral students interested in the research fields carried out at the Department). <\/p>\n<\/div>\n\t\t\t\t<\/div>\n\t\t\t\t\t\t\t<div class=\"elementor-accordion-item\">\n\t\t\t\t\t<div id=\"elementor-tab-title-2004\" class=\"elementor-tab-title\" data-tab=\"4\" role=\"button\" aria-controls=\"elementor-tab-content-2004\" aria-expanded=\"false\">\n\t\t\t\t\t\t\t\t\t\t\t\t\t<span class=\"elementor-accordion-icon elementor-accordion-icon-left\" aria-hidden=\"true\">\n\t\t\t\t\t\t\t\t\t\t\t\t\t\t\t<span class=\"elementor-accordion-icon-closed\"><i class=\"fas fa-caret-down\"><\/i><\/span>\n\t\t\t\t\t\t\t\t<span class=\"elementor-accordion-icon-opened\"><i class=\"fas fa-caret-up\"><\/i><\/span>\n\t\t\t\t\t\t\t\t\t\t\t\t\t\t<\/span>\n\t\t\t\t\t\t\t\t\t\t\t\t<a class=\"elementor-accordion-title\" tabindex=\"0\">Department of Criminal Law<\/a>\n\t\t\t\t\t<\/div>\n\t\t\t\t\t<div id=\"elementor-tab-content-2004\" class=\"elementor-tab-content elementor-clearfix\" data-tab=\"4\" role=\"region\" aria-labelledby=\"elementor-tab-title-2004\"><p class=\"col-lg-8\"><strong>Head of departament<\/strong>: prof. zw.  dr hab. Zbigniew Kwiatkowski<br \/><strong>Professor: <\/strong>dr hab. Dariusz Mucha, prof. UO  <br \/><strong>Adjunct:<\/strong> dr Paulina Banaszak-Grzechowiak<br \/><b>Adjunct: <\/b>dr Mi\u0142osz Ko\u015bcielniak-Marsza\u0142<br \/><strong>Adiunkt: <\/strong>dr Micha\u0142 Prusek<br \/><b>Assistant: <\/b>dr Adrianna W\u0105czek<\/p>\n<p>The scientific and research activity is interdisciplinary. This is because it covers several legal subdisciplines: substantive criminal law, fiscal criminal law, criminal procedural law and criminal executive law. Thus, the tasks of individual faculty members are carried out in several research areas, such as substantive criminal law sensu largo, stage forms of offences (D. Mucha, prof. UO, Dr. Paulina Banaszak-Grzechowiak, Professor Z. Kwiatkowski), the principle of collegiality and its guarantee character, contradictory interests of defendants and the freedom to choose a defence counsel (dr M. Ko\u015bcielniak-Marsza\u0142), respect for human rights in criminal proceedings and compulsory defence in executive proceedings (dr M. Prusek), evidentiary proceedings before the court of appeal in criminal proceedings (mgr A. W\u0105czek).  <\/p>\n<p> Teaching activities include lectures on substantive criminal law, criminal procedural law, corections law, and the system of legal protection bodies.<\/p>\n<\/div>\n\t\t\t\t<\/div>\n\t\t\t\t\t\t\t<div class=\"elementor-accordion-item\">\n\t\t\t\t\t<div id=\"elementor-tab-title-2005\" class=\"elementor-tab-title\" data-tab=\"5\" role=\"button\" aria-controls=\"elementor-tab-content-2005\" aria-expanded=\"false\">\n\t\t\t\t\t\t\t\t\t\t\t\t\t<span class=\"elementor-accordion-icon elementor-accordion-icon-left\" aria-hidden=\"true\">\n\t\t\t\t\t\t\t\t\t\t\t\t\t\t\t<span class=\"elementor-accordion-icon-closed\"><i class=\"fas fa-caret-down\"><\/i><\/span>\n\t\t\t\t\t\t\t\t<span class=\"elementor-accordion-icon-opened\"><i class=\"fas fa-caret-up\"><\/i><\/span>\n\t\t\t\t\t\t\t\t\t\t\t\t\t\t<\/span>\n\t\t\t\t\t\t\t\t\t\t\t\t<a class=\"elementor-accordion-title\" tabindex=\"0\">Department of Human Rights and Forensic Sciences <\/a>\n\t\t\t\t\t<\/div>\n\t\t\t\t\t<div id=\"elementor-tab-content-2005\" class=\"elementor-tab-content elementor-clearfix\" data-tab=\"5\" role=\"region\" aria-labelledby=\"elementor-tab-title-2005\"><p><strong>Head of Department:<\/strong> dr Krzysztof Mucha <br \/><strong>Professor:<\/strong> dr hab. Pawe\u0142 Sobczyk, prof. UO  <br \/><strong>Adjunct:<\/strong> dr Rafa\u0142 Wielki<br \/><strong>Assistant:<\/strong> mgr Wiktoria Grabalska (stanowisko dydaktyczne)<br \/><strong>Senior lecturer:<\/strong> mgr Jerzy Korwin Ma\u0142aczy\u0144ski (stanowisko dydaktyczne)<\/p>\n<p>The Department deals with issues related to the protection of human rights, the functioning of the judiciary and law enforcement agencies, and detection processes used in court proceedings and pre-trial investigations (operational, exploratory, investigative).<\/p>\n<\/div>\n\t\t\t\t<\/div>\n\t\t\t\t\t\t\t<div class=\"elementor-accordion-item\">\n\t\t\t\t\t<div id=\"elementor-tab-title-2006\" class=\"elementor-tab-title\" data-tab=\"6\" role=\"button\" aria-controls=\"elementor-tab-content-2006\" aria-expanded=\"false\">\n\t\t\t\t\t\t\t\t\t\t\t\t\t<span class=\"elementor-accordion-icon elementor-accordion-icon-left\" aria-hidden=\"true\">\n\t\t\t\t\t\t\t\t\t\t\t\t\t\t\t<span class=\"elementor-accordion-icon-closed\"><i class=\"fas fa-caret-down\"><\/i><\/span>\n\t\t\t\t\t\t\t\t<span class=\"elementor-accordion-icon-opened\"><i class=\"fas fa-caret-up\"><\/i><\/span>\n\t\t\t\t\t\t\t\t\t\t\t\t\t\t<\/span>\n\t\t\t\t\t\t\t\t\t\t\t\t<a class=\"elementor-accordion-title\" tabindex=\"0\"> Department of Administrative Law and Procedure<\/a>\n\t\t\t\t\t<\/div>\n\t\t\t\t\t<div id=\"elementor-tab-content-2006\" class=\"elementor-tab-content elementor-clearfix\" data-tab=\"6\" role=\"region\" aria-labelledby=\"elementor-tab-title-2006\"><p><strong>Head of Department:: <\/strong>dr hab. Ewa Pierzcha\u0142a, prof. UO  <br \/><b>Professor: <\/b>dr hab. Marta Wo\u017aniak prof. UO  <br \/><b>Adjunct: <\/b>dr Beata Kozicka<br \/><b>Adjunct: <\/b>dr Maja Koz\u0142owska<br \/><b>Adjunct: <\/b>dr Mateusz Pszczy\u0144ski<\/p>\n<p>The Department of Law and Administrative Proceedings is engaged in research and teaching in broadly understood public law, especially administrative law, administrative proceedings, and judicial-administrative proceedings.<\/p>\n<p>Within the scope of the Department&#8217;s activities, classes are held for students of law, administration and internal security in, among others, the following subjects: administrative law; administrative proceedings; judicial-administrative proceedings; administrative control; enforcement proceedings in administration; local self-government; environmental protection; construction law; energy law; educational law; law on foreigners; administrative legislation. <\/p>\n<\/div>\n\t\t\t\t<\/div>\n\t\t\t\t\t\t\t<div class=\"elementor-accordion-item\">\n\t\t\t\t\t<div id=\"elementor-tab-title-2007\" class=\"elementor-tab-title\" data-tab=\"7\" role=\"button\" aria-controls=\"elementor-tab-content-2007\" aria-expanded=\"false\">\n\t\t\t\t\t\t\t\t\t\t\t\t\t<span class=\"elementor-accordion-icon elementor-accordion-icon-left\" aria-hidden=\"true\">\n\t\t\t\t\t\t\t\t\t\t\t\t\t\t\t<span class=\"elementor-accordion-icon-closed\"><i class=\"fas fa-caret-down\"><\/i><\/span>\n\t\t\t\t\t\t\t\t<span class=\"elementor-accordion-icon-opened\"><i class=\"fas fa-caret-up\"><\/i><\/span>\n\t\t\t\t\t\t\t\t\t\t\t\t\t\t<\/span>\n\t\t\t\t\t\t\t\t\t\t\t\t<a class=\"elementor-accordion-title\" tabindex=\"0\">Department of Private Law<\/a>\n\t\t\t\t\t<\/div>\n\t\t\t\t\t<div id=\"elementor-tab-content-2007\" class=\"elementor-tab-content elementor-clearfix\" data-tab=\"7\" role=\"region\" aria-labelledby=\"elementor-tab-title-2007\"><p><strong>Head of Department <\/strong>dr hab. Piotr Stec, prof. UO  <br \/><b>Professor: <\/b>dr hab. Alicja Jagielska-Burduk, prof. UO  <br \/><strong>Adjunct:<\/strong> dr Katarzyna Biczysko-Pude\u0142ko<br \/><b>Adjunct: <\/b>dr Piotr Gil<br \/><b>Adiunct: <\/b>dr Magdalena Go\u0142owkin-Huda\u0142a<br \/><b><strong>Adjunct:<\/strong><\/b> ks dr Grzegorz Gura<br \/><b>Adjunct: <\/b>dr Joanna Kozi\u0144ska<br \/><b>Adjunct: <\/b>dr Aleksandra Wilk<br \/><strong>Senior lecturer: <\/strong>dr Andrzej Drzewiecki (stanowisko dydaktyczne)<\/p>\n<p>The Department conducts research in substantive and procedural civil law. The Department&#8217;s staff is particularly interested in intellectual property law, the law of new technologies, the circulation of cultural property, and enforcement proceedings. A student Scientific Circle of Civil Law and Intellectual Property operates at the Department.  <\/p>\n<\/div>\n\t\t\t\t<\/div>\n\t\t\t\t\t\t\t<div class=\"elementor-accordion-item\">\n\t\t\t\t\t<div id=\"elementor-tab-title-2008\" class=\"elementor-tab-title\" data-tab=\"8\" role=\"button\" aria-controls=\"elementor-tab-content-2008\" aria-expanded=\"false\">\n\t\t\t\t\t\t\t\t\t\t\t\t\t<span class=\"elementor-accordion-icon elementor-accordion-icon-left\" aria-hidden=\"true\">\n\t\t\t\t\t\t\t\t\t\t\t\t\t\t\t<span class=\"elementor-accordion-icon-closed\"><i class=\"fas fa-caret-down\"><\/i><\/span>\n\t\t\t\t\t\t\t\t<span class=\"elementor-accordion-icon-opened\"><i class=\"fas fa-caret-up\"><\/i><\/span>\n\t\t\t\t\t\t\t\t\t\t\t\t\t\t<\/span>\n\t\t\t\t\t\t\t\t\t\t\t\t<a class=\"elementor-accordion-title\" tabindex=\"0\">Department of Commercial, Economic and Financial law<\/a>\n\t\t\t\t\t<\/div>\n\t\t\t\t\t<div id=\"elementor-tab-content-2008\" class=\"elementor-tab-content elementor-clearfix\" data-tab=\"8\" role=\"region\" aria-labelledby=\"elementor-tab-title-2008\"><p><strong>Head of Department: <\/strong>dr Piotr Stanis\u0142awiszyn<br \/><b>Professor: <\/b>prof. zw.  dr hab. Rafa\u0142 Adamus<br \/><strong>Professor:<\/strong> dr hab. Michalina Duda-Hyz, prof. UO  <br \/><b>Adjunct: <\/b>dr Przemys\u0142aw Malinowski<br \/><b>Adjunct: <\/b>dr Andrzej Mich\u00f3r<br \/><b>Adjunct<\/b>: dr Tomasz Tomczak<br \/><b>Adjunct<\/b>: dr \u0141ukasz St\u0119pkowski<br \/><b>Assistant<\/b>: dr Rafa\u0142 Chybi\u0144ski<\/p>\n<div class=\"default-style\">\n<div>The chair&#8217;s areas of research include bankruptcy law, restructuring law, business contract law, commercial company law, state aid, financial market law, customs law, tax law and gambling law.<\/div>\n<\/div>\n<\/div>\n\t\t\t\t<\/div>\n\t\t\t\t\t\t\t<div class=\"elementor-accordion-item\">\n\t\t\t\t\t<div id=\"elementor-tab-title-2009\" class=\"elementor-tab-title\" data-tab=\"9\" role=\"button\" aria-controls=\"elementor-tab-content-2009\" aria-expanded=\"false\">\n\t\t\t\t\t\t\t\t\t\t\t\t\t<span class=\"elementor-accordion-icon elementor-accordion-icon-left\" aria-hidden=\"true\">\n\t\t\t\t\t\t\t\t\t\t\t\t\t\t\t<span class=\"elementor-accordion-icon-closed\"><i class=\"fas fa-caret-down\"><\/i><\/span>\n\t\t\t\t\t\t\t\t<span class=\"elementor-accordion-icon-opened\"><i class=\"fas fa-caret-up\"><\/i><\/span>\n\t\t\t\t\t\t\t\t\t\t\t\t\t\t<\/span>\n\t\t\t\t\t\t\t\t\t\t\t\t<a class=\"elementor-accordion-title\" tabindex=\"0\"> Department of International and European Law<\/a>\n\t\t\t\t\t<\/div>\n\t\t\t\t\t<div id=\"elementor-tab-content-2009\" class=\"elementor-tab-content elementor-clearfix\" data-tab=\"9\" role=\"region\" aria-labelledby=\"elementor-tab-title-2009\"><p><strong>Head of Department: <\/strong>dr hab. Stefan Marek Grochalski, prof. UO  <br \/><b>Professor: <\/b>dr hab. Jerzy Jendro\u015bka, prof. UO  <br \/><b>Professor: <\/b>dr hab. Joanna Ryszka prof. UO  <br \/><strong>Adjunct: <\/strong>dr Kamila Kasperska-Kurzawa<strong><br \/><\/strong><b>Adjunct: <\/b>dr Pawe\u0142 Szewczyk<\/p>\n<p>The academic work of the Department&#8217;s team is mainly concerned with issues related to public international law, in particular international space law, issues relating to citizenship in the broadest sense, the law of the European Union, including the study of internal market freedoms, issues related to the legal international protection of the environment, and international law of war and refugee issues.<\/p>\n<\/div>\n\t\t\t\t<\/div>\n\t\t\t\t\t\t\t<div class=\"elementor-accordion-item\">\n\t\t\t\t\t<div id=\"elementor-tab-title-20010\" class=\"elementor-tab-title\" data-tab=\"10\" role=\"button\" aria-controls=\"elementor-tab-content-20010\" aria-expanded=\"false\">\n\t\t\t\t\t\t\t\t\t\t\t\t\t<span class=\"elementor-accordion-icon elementor-accordion-icon-left\" aria-hidden=\"true\">\n\t\t\t\t\t\t\t\t\t\t\t\t\t\t\t<span class=\"elementor-accordion-icon-closed\"><i class=\"fas fa-caret-down\"><\/i><\/span>\n\t\t\t\t\t\t\t\t<span class=\"elementor-accordion-icon-opened\"><i class=\"fas fa-caret-up\"><\/i><\/span>\n\t\t\t\t\t\t\t\t\t\t\t\t\t\t<\/span>\n\t\t\t\t\t\t\t\t\t\t\t\t<a class=\"elementor-accordion-title\" tabindex=\"0\">Department of Labor Law and Social Insurance<\/a>\n\t\t\t\t\t<\/div>\n\t\t\t\t\t<div id=\"elementor-tab-content-20010\" class=\"elementor-tab-content elementor-clearfix\" data-tab=\"10\" role=\"region\" aria-labelledby=\"elementor-tab-title-20010\"><p><strong>Head of Department: <\/strong><b><\/b>dr hab. Kamil Anton\u00f3w, prof. UO  <br \/><b>Adjunct: <\/b>dr Micha\u0142 B\u0105ba<br \/><b>Adjunct:<\/b> dr Sabina Pochopie\u0144-Belka<\/p>\n<p>The main research directions are focused on the right to information in the sphere of individual and collective labour law and the protection of business secrets; freedom of work &#8211; essence, functions, limitations; technological subordination in employment; employment with artificial intelligence &#8211; opportunities and threats; qualification of social benefits from the point of view of forms and methods of social security; temporary incapacity or inability to perform gainful employment.<\/p>\n<\/div>\n\t\t\t\t<\/div>\n\t\t\t\t\t\t\t\t<\/div>\n\t\t\t\t\t\t<\/div>\n\t\t\t\t<\/div>\n\t\t\t\t\t<\/div>\n\t\t\t\t<\/div>\n\t\t\t\t\t<\/div>\n\t\t\t\t<\/div>\n\t\t<div class=\"elementor-element elementor-element-4502c818 e-flex e-con-boxed e-con e-parent\" data-id=\"4502c818\" data-element_type=\"container\" data-e-type=\"container\" data-settings=\"{&quot;jet_parallax_layout_list&quot;:[]}\">\n\t\t\t\t\t<div class=\"e-con-inner\">\n\t\t\t\t\t<\/div>\n\t\t\t\t<\/div>\n\t\t\t\t<\/div>\n\t\t","protected":false},"excerpt":{"rendered":"<p>Structure Departments element-0 Department of State and Law Sciences Head of the Department: dr hab. Anna Frankiewicz-Bodynek , prof. UO Professor: dr hab. Ewa Kozerska, prof. UO Adjunct: dr Hanna Duszka-JakimkoAdjunct: dr Jacek Srokosz The goal of the department is to constantly improve the scientific level of its staff in the fields of political and [&hellip;]<\/p>\n","protected":false},"author":5,"featured_media":0,"parent":0,"menu_order":0,"comment_status":"closed","ping_status":"closed","template":"","meta":{"footnotes":""},"class_list":["post-7664","page","type-page","status-publish","hentry"],"_links":{"self":[{"href":"https:\/\/inpr.uni.opole.pl\/en\/wp-json\/wp\/v2\/pages\/7664","targetHints":{"allow":["GET"]}}],"collection":[{"href":"https:\/\/inpr.uni.opole.pl\/en\/wp-json\/wp\/v2\/pages"}],"about":[{"href":"https:\/\/inpr.uni.opole.pl\/en\/wp-json\/wp\/v2\/types\/page"}],"author":[{"embeddable":true,"href":"https:\/\/inpr.uni.opole.pl\/en\/wp-json\/wp\/v2\/users\/5"}],"replies":[{"embeddable":true,"href":"https:\/\/inpr.uni.opole.pl\/en\/wp-json\/wp\/v2\/comments?post=7664"}],"version-history":[{"count":16,"href":"https:\/\/inpr.uni.opole.pl\/en\/wp-json\/wp\/v2\/pages\/7664\/revisions"}],"predecessor-version":[{"id":8038,"href":"https:\/\/inpr.uni.opole.pl\/en\/wp-json\/wp\/v2\/pages\/7664\/revisions\/8038"}],"wp:attachment":[{"href":"https:\/\/inpr.uni.opole.pl\/en\/wp-json\/wp\/v2\/media?parent=7664"}],"curies":[{"name":"wp","href":"https:\/\/api.w.org\/{rel}","templated":true}]}}